{"id":19221,"date":"2024-10-30T13:36:04","date_gmt":"2024-10-30T13:36:04","guid":{"rendered":"https:\/\/www.bookingsmed.com\/shop\/product\/sun-line-emuls-spr-50-125ml\/"},"modified":"2024-11-05T11:05:34","modified_gmt":"2024-11-05T11:05:34","slug":"sun-line-emuls-spr-50-125ml","status":"publish","type":"product","link":"https:\/\/www.bookingsmed.com\/shop\/product\/sun-line-emuls-spr-50-125ml\/","title":{"rendered":"SUN LINE EMULS SPR 50+ 125ML"},"content":{"rendered":"<h1>Sun Line<\/h1>\n<p> <b>EMULSIONE SOLARE SPRAY SPF 50+<\/b><\/p>\n<p> <b>Indicazioni:<\/b><br \/> offre un modo diverso di proteggersi dal sole e di trattare la pelle dopo l&#8217;esposizione ai raggi solari. Praticit\u00e0 grazie allo spray. Leggerezza per la finissima nebulizzazione e la mancanza di untuosit\u00e0 Efficacia dell&#8217;azione perch\u00e9 il prodotto mentre protegge, svolge una precisa attivit\u00e0, grazie ai principi attivi specifici. Azione protettiva, lenitiva ed idratante. Per bambini e pelli delicate.<\/p>\n<p> <b>Componenti:<\/b><br \/> all&#8217;olio d&#8217;oliva arricchita di flavonoidi vegetali e polisaccaridi.<\/p>\n<p> <b>Cod.<\/b> FS027N<\/p>\n","protected":false},"excerpt":{"rendered":"<p>Sun Line EMULSIONE SOLARE SPRAY SPF 50+ Indicazioni: offre un modo diverso di proteggersi dal sole e di trattare la pelle dopo l&#8217;esposizione ai raggi solari. Praticit\u00e0 grazie allo spray. Leggerezza per la finissima nebulizzazione e la mancanza di untuosit\u00e0 Efficacia dell&#8217;azione perch\u00e9 il prodotto mentre protegge, svolge una precisa attivit\u00e0, grazie ai principi attivi [&hellip;]<\/p>\n","protected":false},"featured_media":25803,"comment_status":"open","ping_status":"closed","template":"","meta":{"_uag_custom_page_level_css":""},"product_brand":[],"product_cat":[],"product_tag":[],"brand":[],"class_list":{"0":"post-19221","1":"product","2":"type-product","3":"status-publish","4":"has-post-thumbnail","6":"wcpv_product_vendors-farmacia-provenzano","8":"first","9":"instock","10":"sale","11":"taxable","12":"shipping-taxable","13":"purchasable","14":"product-type-simple"},"uagb_featured_image_src":{"full":["https:\/\/www.bookingsmed.com\/shop\/wp-content\/uploads\/2024\/10\/037031-2.jpg",250,250,false],"thumbnail":["https:\/\/www.bookingsmed.com\/shop\/wp-content\/uploads\/2024\/10\/037031-2.jpg",250,250,false],"medium":["https:\/\/www.bookingsmed.com\/shop\/wp-content\/uploads\/2024\/10\/037031-2.jpg",250,250,false],"medium_large":["https:\/\/www.bookingsmed.com\/shop\/wp-content\/uploads\/2024\/10\/037031-2.jpg",250,250,false],"large":["https:\/\/www.bookingsmed.com\/shop\/wp-content\/uploads\/2024\/10\/037031-2.jpg",250,250,false],"1536x1536":["https:\/\/www.bookingsmed.com\/shop\/wp-content\/uploads\/2024\/10\/037031-2.jpg",250,250,false],"2048x2048":["https:\/\/www.bookingsmed.com\/shop\/wp-content\/uploads\/2024\/10\/037031-2.jpg",250,250,false],"woocommerce_thumbnail":["https:\/\/www.bookingsmed.com\/shop\/wp-content\/uploads\/2024\/10\/037031-2.jpg",250,250,false],"woocommerce_single":["https:\/\/www.bookingsmed.com\/shop\/wp-content\/uploads\/2024\/10\/037031-2.jpg",250,250,false],"woocommerce_gallery_thumbnail":["https:\/\/www.bookingsmed.com\/shop\/wp-content\/uploads\/2024\/10\/037031-2-100x100.jpg",100,100,true],"variation_swatches_image_size":["https:\/\/www.bookingsmed.com\/shop\/wp-content\/uploads\/2024\/10\/037031-2-50x50.jpg",50,50,true],"variation_swatches_tooltip_size":["https:\/\/www.bookingsmed.com\/shop\/wp-content\/uploads\/2024\/10\/037031-2-100x100.jpg",100,100,true]},"uagb_author_info":{"display_name":"Provezano Farmacie","author_link":"https:\/\/www.bookingsmed.com\/shop\/author\/"},"uagb_comment_info":0,"uagb_excerpt":"Sun Line EMULSIONE SOLARE SPRAY SPF 50+ Indicazioni: offre un modo diverso di proteggersi dal sole e di trattare la pelle dopo l&#8217;esposizione ai raggi solari. Praticit\u00e0 grazie allo spray. Leggerezza per la finissima nebulizzazione e la mancanza di untuosit\u00e0 Efficacia dell&#8217;azione perch\u00e9 il prodotto mentre protegge, svolge una precisa attivit\u00e0, grazie ai principi attivi&hellip;","_links":{"self":[{"href":"https:\/\/www.bookingsmed.com\/shop\/wp-json\/wp\/v2\/product\/19221","targetHints":{"allow":["GET"]}}],"collection":[{"href":"https:\/\/www.bookingsmed.com\/shop\/wp-json\/wp\/v2\/product"}],"about":[{"href":"https:\/\/www.bookingsmed.com\/shop\/wp-json\/wp\/v2\/types\/product"}],"replies":[{"embeddable":true,"href":"https:\/\/www.bookingsmed.com\/shop\/wp-json\/wp\/v2\/comments?post=19221"}],"version-history":[{"count":0,"href":"https:\/\/www.bookingsmed.com\/shop\/wp-json\/wp\/v2\/product\/19221\/revisions"}],"wp:featuredmedia":[{"embeddable":true,"href":"https:\/\/www.bookingsmed.com\/shop\/wp-json\/wp\/v2\/media\/25803"}],"wp:attachment":[{"href":"https:\/\/www.bookingsmed.com\/shop\/wp-json\/wp\/v2\/media?parent=19221"}],"wp:term":[{"taxonomy":"product_brand","embeddable":true,"href":"https:\/\/www.bookingsmed.com\/shop\/wp-json\/wp\/v2\/product_brand?post=19221"},{"taxonomy":"product_cat","embeddable":true,"href":"https:\/\/www.bookingsmed.com\/shop\/wp-json\/wp\/v2\/product_cat?post=19221"},{"taxonomy":"product_tag","embeddable":true,"href":"https:\/\/www.bookingsmed.com\/shop\/wp-json\/wp\/v2\/product_tag?post=19221"},{"taxonomy":"brand","embeddable":true,"href":"https:\/\/www.bookingsmed.com\/shop\/wp-json\/wp\/v2\/brand?post=19221"}],"curies":[{"name":"wp","href":"https:\/\/api.w.org\/{rel}","templated":true}]}}